{"id":9176,"date":"2025-07-04T22:32:34","date_gmt":"2025-07-04T22:32:34","guid":{"rendered":"https:\/\/nutrient1.com\/login\/"},"modified":"2025-10-20T23:04:15","modified_gmt":"2025-10-20T23:04:15","slug":"login","status":"publish","type":"page","link":"https:\/\/nutrient1.com\/sv\/login\/","title":{"rendered":"Logga in"},"content":{"rendered":"\t\t<div data-elementor-type=\"wp-page\" data-elementor-id=\"9176\" class=\"elementor elementor-9176 elementor-6634\" data-elementor-post-type=\"page\">\n\t\t\t\t<div class=\"elementor-element elementor-element-dd987b3 e-flex e-con-boxed e-con e-parent\" data-id=\"dd987b3\" data-element_type=\"container\" data-e-type=\"container\">\n\t\t\t\t\t<div class=\"e-con-inner\">\n\t\t<div class=\"elementor-element elementor-element-ba06e7b e-con-full e-flex e-con e-child\" data-id=\"ba06e7b\" data-element_type=\"container\" data-e-type=\"container\">\n\t\t<div class=\"elementor-element elementor-element-f20bf7e e-con-full e-flex e-con e-child\" data-id=\"f20bf7e\" data-element_type=\"container\" data-e-type=\"container\" data-settings=\"{&quot;background_background&quot;:&quot;classic&quot;}\">\n\t\t<div class=\"elementor-element elementor-element-161c413 e-con-full e-flex e-con e-child\" data-id=\"161c413\" data-element_type=\"container\" data-e-type=\"container\">\n\t\t\t\t<div class=\"elementor-element elementor-element-81b2774 elementor-widget elementor-widget-heading\" data-id=\"81b2774\" data-element_type=\"widget\" data-e-type=\"widget\" data-widget_type=\"heading.default\">\n\t\t\t\t\t\t<div class=\"elementor-widget-container\">\n\t\t\t\t\t<h2 class=\"elementor-heading-title elementor-size-default\">Logga in f\u00f6r att f\u00f6lja din rutin.<\/h2>\t\t\t\t<\/div>\n\t\t\t\t<\/div>\n\t\t\t\t<div class=\"elementor-element elementor-element-d642da3 elementor-widget elementor-widget-text-editor\" data-id=\"d642da3\" data-element_type=\"widget\" data-e-type=\"widget\" data-widget_type=\"text-editor.default\">\n\t\t\t\t\t\t<div class=\"elementor-widget-container\">\n\t\t\t\t\t\t\t\t\t<p>H\u00e5ll koll p\u00e5 dina best\u00e4llningar, prenumerationer och personuppgifter &#8211; allt p\u00e5 ett st\u00e4lle.<\/p>\t\t\t\t\t\t\t\t<\/div>\n\t\t\t\t<\/div>\n\t\t\t\t<\/div>\n\t\t<div class=\"elementor-element elementor-element-2b842cc e-con-full e-flex e-con e-child\" data-id=\"2b842cc\" data-element_type=\"container\" data-e-type=\"container\">\n\t\t\t\t<div class=\"elementor-element elementor-element-06ed929 elementor-button-align-stretch elementor-widget elementor-widget-uael-login-form\" data-id=\"06ed929\" data-element_type=\"widget\" data-e-type=\"widget\" data-settings=\"{&quot;align&quot;:&quot;stretch&quot;,&quot;input_border&quot;:{&quot;unit&quot;:&quot;px&quot;,&quot;top&quot;:&quot;0&quot;,&quot;right&quot;:&quot;0&quot;,&quot;bottom&quot;:&quot;0&quot;,&quot;left&quot;:&quot;0&quot;,&quot;isLinked&quot;:true},&quot;input_padding&quot;:{&quot;unit&quot;:&quot;px&quot;,&quot;top&quot;:&quot;15&quot;,&quot;right&quot;:&quot;15&quot;,&quot;bottom&quot;:&quot;15&quot;,&quot;left&quot;:&quot;15&quot;,&quot;isLinked&quot;:false},&quot;footer_text_align&quot;:&quot;flex-start&quot;,&quot;row_gap&quot;:{&quot;unit&quot;:&quot;px&quot;,&quot;size&quot;:20,&quot;sizes&quot;:[]},&quot;row_gap_laptop&quot;:{&quot;unit&quot;:&quot;px&quot;,&quot;size&quot;:&quot;&quot;,&quot;sizes&quot;:[]},&quot;row_gap_tablet&quot;:{&quot;unit&quot;:&quot;px&quot;,&quot;size&quot;:&quot;&quot;,&quot;sizes&quot;:[]},&quot;row_gap_mobile&quot;:{&quot;unit&quot;:&quot;px&quot;,&quot;size&quot;:&quot;&quot;,&quot;sizes&quot;:[]},&quot;label_spacing&quot;:{&quot;unit&quot;:&quot;px&quot;,&quot;size&quot;:&quot;&quot;,&quot;sizes&quot;:[]},&quot;label_spacing_laptop&quot;:{&quot;unit&quot;:&quot;px&quot;,&quot;size&quot;:&quot;&quot;,&quot;sizes&quot;:[]},&quot;label_spacing_tablet&quot;:{&quot;unit&quot;:&quot;px&quot;,&quot;size&quot;:&quot;&quot;,&quot;sizes&quot;:[]},&quot;label_spacing_mobile&quot;:{&quot;unit&quot;:&quot;px&quot;,&quot;size&quot;:&quot;&quot;,&quot;sizes&quot;:[]},&quot;input_padding_laptop&quot;:{&quot;unit&quot;:&quot;px&quot;,&quot;top&quot;:&quot;&quot;,&quot;right&quot;:&quot;&quot;,&quot;bottom&quot;:&quot;&quot;,&quot;left&quot;:&quot;&quot;,&quot;isLinked&quot;:true},&quot;input_padding_tablet&quot;:{&quot;unit&quot;:&quot;px&quot;,&quot;top&quot;:&quot;&quot;,&quot;right&quot;:&quot;&quot;,&quot;bottom&quot;:&quot;&quot;,&quot;left&quot;:&quot;&quot;,&quot;isLinked&quot;:true},&quot;input_padding_mobile&quot;:{&quot;unit&quot;:&quot;px&quot;,&quot;top&quot;:&quot;&quot;,&quot;right&quot;:&quot;&quot;,&quot;bottom&quot;:&quot;&quot;,&quot;left&quot;:&quot;&quot;,&quot;isLinked&quot;:true},&quot;input_border_laptop&quot;:{&quot;unit&quot;:&quot;px&quot;,&quot;top&quot;:&quot;&quot;,&quot;right&quot;:&quot;&quot;,&quot;bottom&quot;:&quot;&quot;,&quot;left&quot;:&quot;&quot;,&quot;isLinked&quot;:true},&quot;input_border_tablet&quot;:{&quot;unit&quot;:&quot;px&quot;,&quot;top&quot;:&quot;&quot;,&quot;right&quot;:&quot;&quot;,&quot;bottom&quot;:&quot;&quot;,&quot;left&quot;:&quot;&quot;,&quot;isLinked&quot;:true},&quot;input_border_mobile&quot;:{&quot;unit&quot;:&quot;px&quot;,&quot;top&quot;:&quot;&quot;,&quot;right&quot;:&quot;&quot;,&quot;bottom&quot;:&quot;&quot;,&quot;left&quot;:&quot;&quot;,&quot;isLinked&quot;:true}}\" data-widget_type=\"uael-login-form.default\">\n\t\t\t\t\t\t<div class=\"elementor-widget-container\">\n\t\t\t\t\t\t\t\t<div class=\"uael-login-form-wrapper\" data-nonce=\"0dba26335f\" data-redirect-url=\"https:\/\/nutrient1.com\/my-account\/\">\n\t\t\t\t\t\t\t\t\t\t<form class=\"uael-form uael-login-form\" method=\"post\">\n\t\t\t\t\t\t\t\t\t\t\t<input type=\"hidden\" name=\"redirect_to\" value=https:\/\/nutrient1.com\/my-account\/>\n\t\t\t\t\t\n\t\t\t\t\t<div class=\"elementor-form-fields-wrapper\">\n\t\t\t\t\t\t<div class=\"elementor-field-type-text elementor-field-group elementor-column elementor-col-100 elementor-field-required\">\n\t\t\t\t\t\t\t<input size=\"1\" type=\"text\" name=\"username\" id=\"user\" placeholder=\"E-postadress\" class=\"elementor-field elementor-field-textual elementor-size-md uael-login-form-username\">\t\t\t\t\t\t\t\t\t\t\t\t\t<\/div>\n\n\t\t\t\t\t\t<div class=\"elementor-field-type-text elementor-field-group elementor-column elementor-col-100 elementor-field-required\">\n\t\t\t\t\t\t\t<div class=\"uael-password-wrapper\"><input size=\"1\" type=\"password\" name=\"password\" id=\"password\" placeholder=\"L\u00f6senord\" class=\"elementor-field elementor-field-textual elementor-size-md uael-login-form-password\"><span toggle=\"#password-field\" class=\"fa fa-fw fa-eye field-icon toggle-password\"><\/span><\/div>\t\t\t\t\t\t\t\t\t\t\t\t\t<\/div>\n\n\t\t\t\t\t\t<div class=\"elementor-field-type-text elementor-field-group elementor-column elementor-col-100 elementor-field-required\">\n\t\t\t\t\t\t\t\t\t\t\t\t\t<\/div>\n\n\t\t\t\t\t\t\n\t\t\t\t\t\t<div class=\"elementor-field-group elementor-column elementor-widget-button uael-login-form-submit-group elementor-field-type-submit elementor-col-100\">\n\t\t\t\t\t\t\t\t\t\t\t\t\t\t<button type=\"submit\" class=\"elementor-button uael-login-form-submit elementor-size-md\" name=\"uael-login-submit\" data-ajax-enable=\"yes\">\n\t\t\t\t\t\t\t\t\t\t\t\t\t\t\t\t\t\t\t\t\t\t\t\t\t<span class=\"elementor-button-text\">Logga In<\/span>\n\t\t\t\t\t\t\t\t\t\t\t\t\t\t\t\t\t\t\t\t\t\t\t<\/button>\n\t\t\t\t\t\t\t\t\t\t\t\t\t<\/div>\n\n\t\t\t\t\t\t\t\t\t\t\t\t\t<div class=\"elementor-field-group elementor-column elementor-col-100 uael-login-form-footer\">\n\t\t\t\t\t\t\t\t\n\t\t\t\t\t\t\t\t\t\t\t\t\t\t\t\t\t<a class=\"uael-login-form-footer-link\" href=\"https:\/\/nutrient1.com\/sv\/mitt-konto\/lost-password\/\">\n\t\t\t\t\t\t\t\t\t\t<span class=\"elementor-inline-editing\" data-elementor-setting-key=\"show_lost_password_text\" data-elementor-inline-editing-toolbar=\"basic\">Gl\u00f6mt l\u00f6senordet?<\/span>\n\t\t\t\t\t\t\t\t\t<\/a>\n\t\t\t\t\t\t\t\t\t\t\t\t\t\t\t<\/div>\n\t\t\t\t\t\t\n\t\t\t\t\t<\/div>\n\t\t\t\t<\/form>\n\t\t\t\t\t\t\t\t<\/div>\n\t\t\t\t\t\t<\/div>\n\t\t\t\t<\/div>\n\t\t\t\t<\/div>\n\t\t<div class=\"elementor-element elementor-element-7a53b96 e-con-full e-flex e-con e-child\" data-id=\"7a53b96\" data-element_type=\"container\" data-e-type=\"container\">\n\t\t\t\t<div class=\"elementor-element elementor-element-392efe8 elementor-widget elementor-widget-heading\" data-id=\"392efe8\" data-element_type=\"widget\" data-e-type=\"widget\" data-widget_type=\"heading.default\">\n\t\t\t\t\t\t<div class=\"elementor-widget-container\">\n\t\t\t\t\t<p class=\"elementor-heading-title elementor-size-default\"><a href=\"https:\/\/nutrient1.com\/create-account\/\">Har du inget konto? Skapa ett nu!<\/a><\/p>\t\t\t\t<\/div>\n\t\t\t\t<\/div>\n\t\t\t\t<\/div>\n\t\t\t\t<\/div>\n\t\t<div class=\"elementor-element elementor-element-476b30a e-con-full e-flex e-con e-child\" data-id=\"476b30a\" data-element_type=\"container\" data-e-type=\"container\" data-settings=\"{&quot;background_background&quot;:&quot;classic&quot;}\">\n\t\t<div class=\"elementor-element elementor-element-4995c09 e-con-full e-flex e-con e-child\" data-id=\"4995c09\" data-element_type=\"container\" data-e-type=\"container\">\n\t\t\t\t<div class=\"elementor-element elementor-element-c9c9498 elementor-widget elementor-widget-heading\" data-id=\"c9c9498\" data-element_type=\"widget\" data-e-type=\"widget\" data-widget_type=\"heading.default\">\n\t\t\t\t\t\t<div class=\"elementor-widget-container\">\n\t\t\t\t\t<h2 class=\"elementor-heading-title elementor-size-default\">Allt p\u00e5 ett st\u00e4lle.<\/h2>\t\t\t\t<\/div>\n\t\t\t\t<\/div>\n\t\t\t\t<\/div>\n\t\t<div class=\"elementor-element elementor-element-cf8983f e-con-full e-flex e-con e-child\" data-id=\"cf8983f\" data-element_type=\"container\" data-e-type=\"container\">\n\t\t\t\t<div class=\"elementor-element elementor-element-cbcd3d6 elementor-align-start elementor-icon-list--layout-traditional elementor-list-item-link-full_width elementor-widget elementor-widget-icon-list\" data-id=\"cbcd3d6\" data-element_type=\"widget\" data-e-type=\"widget\" data-widget_type=\"icon-list.default\">\n\t\t\t\t\t\t<div class=\"elementor-widget-container\">\n\t\t\t\t\t\t\t<ul class=\"elementor-icon-list-items\">\n\t\t\t\t\t\t\t<li class=\"elementor-icon-list-item\">\n\t\t\t\t\t\t\t\t\t\t\t<span class=\"elementor-icon-list-icon\">\n\t\t\t\t\t\t\t<svg xmlns=\"http:\/\/www.w3.org\/2000\/svg\" xmlns:xlink=\"http:\/\/www.w3.org\/1999\/xlink\" id=\"Layer_1\" viewBox=\"0 0 469.72 469.72\" xml:space=\"preserve\"><g>\t<polygon style=\"fill:#76CDCE;\" points=\"448.865,251.797 308.198,251.797 308.198,146.463 416.865,146.463  \"><\/polygon>\t<path style=\"fill:#CCCCCC;\" d=\"M469.72,332.205L469.72,332.205c0,5.945-4.82,10.765-10.765,10.765h-23.04  c0.05-0.92,0.08-1.85,0.08-2.78c0-6.5-1.18-12.79-3.51-18.75h26.47C464.9,321.44,469.72,326.26,469.72,332.205z\"><\/path>\t<path style=\"fill:#999999;\" d=\"M409.435,135.71h-117.43v207.26h40.56c-0.05-0.92-0.08-1.85-0.08-2.78  c0-28.54,23.21-51.75,51.75-51.75c19.94,0,37.77,11.13,46.52,29.05c0.63,1.3,1.21,2.61,1.73,3.95h26.47v-91.602  c0-2.727-0.526-5.428-1.55-7.955l-30.006-74.069C424.435,140.498,417.329,135.71,409.435,135.71z M313.995,229.99v-72.28h93.67  l29.28,72.28H313.995z\"><\/path>\t<path style=\"fill:#666666;\" d=\"M341.575,342.97c-0.06-0.92-0.09-1.85-0.09-2.78c0-23.61,19.14-42.75,42.75-42.75  c16.89,0,31.49,9.79,38.43,24c2.77,5.66,4.33,12.03,4.33,18.75c0,0.93-0.03,1.86-0.09,2.77c-1.43,22.33-19.98,39.99-42.67,39.99  C361.555,382.95,343.005,365.29,341.575,342.97z M401.775,340.19c0-9.67-7.87-17.54-17.54-17.54s-17.54,7.87-17.54,17.54  s7.87,17.54,17.54,17.54S401.775,349.86,401.775,340.19z\"><\/path>\t<path style=\"fill:#E6E6E6;\" d=\"M384.235,322.65c9.67,0,17.54,7.87,17.54,17.54s-7.87,17.54-17.54,17.54s-17.54-7.87-17.54-17.54  C366.695,330.52,374.565,322.65,384.235,322.65z\"><\/path>\t<path style=\"fill:#F4581B;\" d=\"M291.995,86.77v256.2h-153.97c0.05-0.92,0.08-1.85,0.08-2.78c0-28.54-23.21-51.75-51.75-51.75  c-19.96,0-37.78,11.14-46.51,29.04c-0.64,1.3-1.22,2.62-1.74,3.96h-27.34V86.77H291.995z\"><\/path>\t<path style=\"fill:#666666;\" d=\"M129.105,340.19c0,0.93-0.03,1.86-0.09,2.78c-1.43,22.32-19.98,39.98-42.66,39.98  c-22.69,0-41.24-17.66-42.67-39.98c-0.06-0.92-0.09-1.85-0.09-2.78c0-6.72,1.55-13.08,4.33-18.74  c6.93-14.22,21.54-24.01,38.43-24.01C109.965,297.44,129.105,316.58,129.105,340.19z M103.895,340.19  c0-9.67-7.87-17.54-17.54-17.54s-17.54,7.87-17.54,17.54s7.87,17.54,17.54,17.54S103.895,349.86,103.895,340.19z\"><\/path>\t<path style=\"fill:#E6E6E6;\" d=\"M86.355,322.65c9.67,0,17.54,7.87,17.54,17.54s-7.87,17.54-17.54,17.54s-17.54-7.87-17.54-17.54  S76.685,322.65,86.355,322.65z\"><\/path>\t<path style=\"fill:#CCCCCC;\" d=\"M34.595,340.19c0,0.93,0.03,1.87,0.08,2.78h-23.91C4.82,342.97,0,338.15,0,332.205l0,0  c0-5.945,4.82-10.765,10.765-10.765h27.34C35.775,327.39,34.595,333.68,34.595,340.19z\"><\/path>\t<path style=\"fill:#F7CF52;\" d=\"M444.45,294.944h-7.15c-4.336,0-7.85-3.515-7.85-7.85v-18.249c0-4.336,3.515-7.85,7.85-7.85h7.15  V294.944z\"><\/path>\t<g>\t\t<rect x=\"33.051\" y=\"108.611\" style=\"fill:#DB481B;\" width=\"236.666\" height=\"15\"><\/rect>\t\t<g>\t\t\t<rect x=\"33.051\" y=\"157.055\" style=\"fill:#DB481B;\" width=\"236.666\" height=\"15\"><\/rect>\t\t<\/g>\t\t<g>\t\t\t<rect x=\"33.051\" y=\"253.944\" style=\"fill:#DB481B;\" width=\"236.666\" height=\"15\"><\/rect>\t\t<\/g>\t\t<rect x=\"33.051\" y=\"205.5\" style=\"fill:#DB481B;\" width=\"236.666\" height=\"15\"><\/rect>\t<\/g>\t<polygon style=\"fill:#96E0DE;\" points=\"322.865,157.71 396.005,229.99 436.945,229.99 407.665,157.71  \"><\/polygon><\/g><\/svg>\t\t\t\t\t\t<\/span>\n\t\t\t\t\t\t\t\t\t\t<span class=\"elementor-icon-list-text\">Se \u00f6ver och hantera dina kommande leveranser <\/span>\n\t\t\t\t\t\t\t\t\t<\/li>\n\t\t\t\t\t\t\t\t<li class=\"elementor-icon-list-item\">\n\t\t\t\t\t\t\t\t\t\t\t<span class=\"elementor-icon-list-icon\">\n\t\t\t\t\t\t\t<svg xmlns=\"http:\/\/www.w3.org\/2000\/svg\" xmlns:xlink=\"http:\/\/www.w3.org\/1999\/xlink\" width=\"800px\" height=\"800px\" viewBox=\"0 0 36 36\" aria-hidden=\"true\" role=\"img\" class=\"iconify iconify--twemoji\" preserveAspectRatio=\"xMidYMid meet\"><path fill=\"#3B88C3\" d=\"M36 32a4 4 0 0 1-4 4H4a4 4 0 0 1-4-4V4a4 4 0 0 1 4-4h28a4 4 0 0 1 4 4v28z\"><\/path><path fill=\"#FFF\" d=\"M30.2 10L23 4v4h-8C9.477 8 5 12.477 5 18c0 1.414.297 2.758.827 3.978l3.3-2.75A6 6 0 0 1 15 12h8v4l7.2-6zm-.026 4.023l-3.301 2.75A6 6 0 0 1 21 24h-8v-4l-7.2 6l7.2 6v-4h8c5.522 0 10-4.478 10-10a9.965 9.965 0 0 0-.826-3.977z\"><\/path><\/svg>\t\t\t\t\t\t<\/span>\n\t\t\t\t\t\t\t\t\t\t<span class=\"elementor-icon-list-text\">Uppdatera din prenumeration (pausa, \u00e4ndra, avsluta) <\/span>\n\t\t\t\t\t\t\t\t\t<\/li>\n\t\t\t\t\t\t\t\t<li class=\"elementor-icon-list-item\">\n\t\t\t\t\t\t\t\t\t\t\t<span class=\"elementor-icon-list-icon\">\n\t\t\t\t\t\t\t<svg xmlns=\"http:\/\/www.w3.org\/2000\/svg\" width=\"800px\" height=\"800px\" viewBox=\"0 0 1024 1024\" class=\"icon\"><path d=\"M910.5 829.36666667H175.2c-27.4 0-49.6-22.3-49.6-49.6V284.26666667c0-27.4 22.3-49.6 49.6-49.6h735.3c27.4 0 49.6 22.3 49.6 49.6v495.5c0 27.4-22.2 49.6-49.6 49.6z\" fill=\"#A7B8C6\"><\/path><path d=\"M870.7 178.96666667H118.6c-15.3 0-27.7 12.4-27.7 27.7v512.3c0 15.3 12.4 27.7 27.7 27.7h752.1c15.3 0 27.7-12.4 27.7-27.7V206.66666667c0-15.2-12.4-27.7-27.7-27.7z\" fill=\"#D7D4CA\"><\/path><path d=\"M870.7 151.96666667H118.6c-30.2 0-54.7 24.6-54.7 54.7v512.3c0 30.2 24.6 54.7 54.7 54.7h752.1c30.2 0 54.7-24.6 54.7-54.7V206.66666667c0.1-30.2-24.5-54.7-54.7-54.7z m27.7 567c0 15.3-12.4 27.7-27.7 27.7H118.6c-15.3 0-27.7-12.4-27.7-27.7V206.66666667c0-15.3 12.4-27.7 27.7-27.7h752.1c15.3 0 27.7 12.4 27.7 27.7v512.3z\" fill=\"#1A1A1A\"><\/path><path d=\"M834 524.46666667H157.3c-14.5 0-26.3-11.8-26.3-26.3V234.96666667c0-14.5 11.8-26.3 26.3-26.3H834c14.5 0 26.3 11.8 26.3 26.3v263.2c0 14.5-11.8 26.3-26.3 26.3z\" fill=\"#3D90BC\"><\/path><path d=\"M90.3 452.26666667H898v210.5H90.3z\" fill=\"#B7B4AB\"><\/path><path d=\"M834 587.66666667H157.3c-14.5 0-26.3-11.8-26.3-26.3V298.16666667c0-14.5 11.8-26.3 26.3-26.3H834c14.5 0 26.3 11.8 26.3 26.3v263.2c0 14.5-11.8 26.3-26.3 26.3z\" fill=\"#2A80AC\"><\/path><path d=\"M834 593.66666667H157.3c-14.5 0-26.3-11.8-26.3-26.3V304.16666667c0-14.5 11.8-26.3 26.3-26.3H834c14.5 0 26.3 11.8 26.3 26.3v263.2c0 14.5-11.8 26.3-26.3 26.3z\" fill=\"#F4AA16\"><\/path><path d=\"M834 650.76666667H157.3c-14.5 0-26.3-11.8-26.3-26.3V361.26666667c0-14.5 11.8-26.3 26.3-26.3H834c14.5 0 26.3 11.8 26.3 26.3v263.2c0 14.5-11.8 26.3-26.3 26.3z\" fill=\"#DF9513\"><\/path><path d=\"M834 656.76666667H157.3c-14.5 0-26.3-11.8-26.3-26.3V367.36666667c0-14.5 11.8-26.3 26.3-26.3H834c14.5 0 26.3 11.8 26.3 26.3v263.2c0 14.5-11.8 26.2-26.3 26.2z\" fill=\"#52B240\"><\/path><path d=\"M834 713.96666667H157.3c-14.5 0-26.3-11.8-26.3-26.3V424.46666667c0-14.5 11.8-26.3 26.3-26.3H834c14.5 0 26.3 11.8 26.3 26.3V687.66666667c0 14.5-11.8 26.3-26.3 26.3z\" fill=\"#409F37\"><\/path><path d=\"M834 719.96666667H157.3c-14.5 0-26.3-11.8-26.3-26.3V430.46666667c0-14.5 11.8-26.3 26.3-26.3H834c14.5 0 26.3 11.8 26.3 26.3V693.66666667c0 14.5-11.8 26.3-26.3 26.3z\" fill=\"#E46A5C\"><\/path><path d=\"M860.3 452.26666667H614.5c-18.6 0-33.2 15.3-33.2 33.9 0 1.5 0 3.1-0.1 4.6-2.1 44-37.6 80-81.5 82.7-50.6 3.1-92.6-37-92.6-86.9v-0.4c0.1-18.6-14.5-33.9-33.2-33.9h-243V684.66666667c0 14.5 11.8 26.3 26.3 26.3H834c14.5 0 26.3-11.8 26.3-26.3V452.26666667z\" fill=\"#D95F52\"><\/path><path d=\"M616.8 464.26666667c-11.4 0-20.4 9.4-20.4 20.8v0.2c0 56.5-45.7 102.4-102.2 102.4S392 541.86666667 392 485.36666667v-0.2c0-11.4-9-20.8-20.4-20.8H90.3v250.5c0 17.8 14.5 32.3 32.3 32.3h743.1c17.8 0 32.3-14.5 32.3-32.3V464.26666667H616.8z\" fill=\"#D7D4CA\"><\/path><\/svg>\t\t\t\t\t\t<\/span>\n\t\t\t\t\t\t\t\t\t\t<span class=\"elementor-icon-list-text\">Uppdatera din adress eller betalningsmetod <\/span>\n\t\t\t\t\t\t\t\t\t<\/li>\n\t\t\t\t\t\t\t\t<li class=\"elementor-icon-list-item\">\n\t\t\t\t\t\t\t\t\t\t\t<span class=\"elementor-icon-list-icon\">\n\t\t\t\t\t\t\t<svg xmlns=\"http:\/\/www.w3.org\/2000\/svg\" xmlns:xlink=\"http:\/\/www.w3.org\/1999\/xlink\" height=\"800px\" width=\"800px\" id=\"Layer_1\" viewBox=\"0 0 392.533 392.533\" xml:space=\"preserve\"><circle style=\"fill:#56ACE0;\" cx=\"196.267\" cy=\"196.267\" r=\"146.618\"><\/circle><g>\t<path style=\"fill:#194F82;\" d=\"M360.533,341.139l-28.962-2.844c38.917-36.913,60.962-87.725,60.962-142.028  C392.533,87.984,304.549,0,196.267,0S0,87.984,0,196.267s87.984,196.267,196.267,196.267c6.012,0,10.925-4.848,10.925-10.925  c0-6.012-4.848-10.925-10.925-10.925c-96.194,0.065-174.481-78.222-174.481-174.416S100.073,21.786,196.267,21.786  s174.481,78.287,174.481,174.481c0,47.321-18.747,91.41-51.911,123.992l2.651-26.893c0.646-6.012-3.814-11.378-9.826-11.895  c-5.947-0.646-11.378,3.814-11.895,9.826l-5.301,54.238c-0.646,6.012,3.814,11.378,9.826,11.895l54.238,5.301  c0.388,0,0.711,0.065,1.099,0.065c5.56,0,10.279-4.202,10.796-9.826C370.877,347.022,366.546,341.721,360.533,341.139z\"><\/path>\t<path style=\"fill:#194F82;\" d=\"M196.267,41.18c-6.012,0-10.925,4.848-10.925,10.925v11.572c0,6.012,4.848,10.925,10.925,10.925  c6.077,0,10.925-4.848,10.925-10.925V52.105C207.192,46.028,202.279,41.18,196.267,41.18z\"><\/path>\t<path style=\"fill:#194F82;\" d=\"M196.267,317.867c-6.012,0-10.925,4.848-10.925,10.925v11.572c0,6.012,4.848,10.925,10.925,10.925  c6.077,0,10.925-4.848,10.925-10.925v-11.572C207.192,322.78,202.279,317.867,196.267,317.867z\"><\/path>\t<path style=\"fill:#194F82;\" d=\"M328.857,207.192h11.572c6.012,0,10.925-4.848,10.925-10.925c0-6.012-4.848-10.925-10.925-10.925  h-11.572c-6.012,0-10.925,4.848-10.925,10.925S322.844,207.192,328.857,207.192z\"><\/path>\t<path style=\"fill:#194F82;\" d=\"M63.741,185.341H52.17c-6.012,0-10.925,4.848-10.925,10.925s4.848,10.925,10.925,10.925h11.572  c6.012,0,10.925-4.848,10.925-10.925C74.667,190.255,69.754,185.341,63.741,185.341z\"><\/path>\t<path style=\"fill:#194F82;\" d=\"M196.267,100.137c-6.012,0-10.925,4.848-10.925,10.925v74.343h-32.97  c-6.012,0-10.925,4.848-10.925,10.925s4.848,10.925,10.925,10.925h43.895c6.012,0,10.925-4.848,10.925-10.925v-85.269  C207.192,104.986,202.279,100.137,196.267,100.137z\"><\/path><\/g><\/svg>\t\t\t\t\t\t<\/span>\n\t\t\t\t\t\t\t\t\t\t<span class=\"elementor-icon-list-text\">Sp\u00e5ra tidigare best\u00e4llningar och leveransstatus <\/span>\n\t\t\t\t\t\t\t\t\t<\/li>\n\t\t\t\t\t\t\t\t<li class=\"elementor-icon-list-item\">\n\t\t\t\t\t\t\t\t\t\t\t<span class=\"elementor-icon-list-icon\">\n\t\t\t\t\t\t\t<svg xmlns=\"http:\/\/www.w3.org\/2000\/svg\" xmlns:xlink=\"http:\/\/www.w3.org\/1999\/xlink\" width=\"800px\" height=\"800px\" viewBox=\"0 0 120 120\" id=\"Layer_1\" xml:space=\"preserve\"><style type=\"text\/css\">\t.st0{fill:#1363DF;}\t.st1{fill:#DFF6FF;}\t.st2{fill:#06283D;}\t.st3{fill:#47B5FF;}<\/style><g><g><ellipse class=\"st0\" cx=\"18.6\" cy=\"64.9\" rx=\"6.6\" ry=\"6.6\" transform=\"matrix(0.7071 -0.7071 0.7071 0.7071 -40.471 32.1518)\"><\/ellipse><ellipse class=\"st0\" cx=\"101.4\" cy=\"64.9\" rx=\"6.6\" ry=\"6.6\" transform=\"matrix(0.9732 -0.2298 0.2298 0.9732 -12.2044 25.0397)\"><\/ellipse><\/g><g><path class=\"st1\" d=\"M96.4,52.8h-5.6C90.8,35.8,77,22,60,22c-17,0-30.8,13.8-30.8,30.8h-5.6c0-20.1,16.3-36.4,36.4-36.4    S96.4,32.7,96.4,52.8z\"><\/path><\/g><g><path class=\"st2\" d=\"M69.3,101.4c-2.4,0-4-0.1-4.2-0.1l0.2-2.2c0.2,0,22.9,1.7,25.6-7.7c3-10.4,1.5-21.4,1.5-21.5l2.2-0.3    C94.7,70,96.2,81.1,93,92C90.5,100.3,76.5,101.4,69.3,101.4z\"><\/path><\/g><path class=\"st3\" d=\"M68.3,103.6h-6.1c-2,0-3.6-1.6-3.6-3.6l0,0c0-2,1.6-3.6,3.6-3.6h6.1c2,0,3.6,1.6,3.6,3.6l0,0   C71.9,102,70.3,103.6,68.3,103.6z\"><\/path><g><path class=\"st3\" d=\"M25.2,50.9L25.2,50.9c-5.1,0-9.3,4.2-9.3,9.3v10.8c0,5.1,4.2,9.3,9.3,9.3h0c4.3,0,7.8-3.5,7.8-7.8V58.6    C32.9,54.3,29.5,50.9,25.2,50.9z\"><\/path><path class=\"st3\" d=\"M94.8,50.9L94.8,50.9c-4.3,0-7.8,3.5-7.8,7.8v13.8c0,4.3,3.5,7.8,7.8,7.8h0c5.1,0,9.3-4.2,9.3-9.3V60.1    C104.1,55,99.9,50.9,94.8,50.9z\"><\/path><\/g><\/g><\/svg>\t\t\t\t\t\t<\/span>\n\t\t\t\t\t\t\t\t\t\t<span class=\"elementor-icon-list-text\">Kontakta support eller beg\u00e4r retur <\/span>\n\t\t\t\t\t\t\t\t\t<\/li>\n\t\t\t\t\t\t<\/ul>\n\t\t\t\t\t\t<\/div>\n\t\t\t\t<\/div>\n\t\t\t\t<\/div>\n\t\t\t\t<\/div>\n\t\t\t\t<\/div>\n\t\t\t\t\t<\/div>\n\t\t\t\t<\/div>\n\t\t\t\t<\/div>\n\t\t","protected":false},"excerpt":{"rendered":"<p>Logga in f\u00f6r att f\u00f6lja din rutin. H\u00e5ll koll p\u00e5 dina best\u00e4llningar, prenumerationer och personuppgifter &#8211; allt p\u00e5 ett st\u00e4lle. Logga In Gl\u00f6mt l\u00f6senordet? Har du inget konto? Skapa ett nu! Allt p\u00e5 ett st\u00e4lle. Se \u00f6ver och hantera dina kommande leveranser Uppdatera din prenumeration (pausa, \u00e4ndra, avsluta) Uppdatera din adress eller betalningsmetod Sp\u00e5ra tidigare [&hellip;]<\/p>\n","protected":false},"author":1,"featured_media":0,"parent":0,"menu_order":0,"comment_status":"closed","ping_status":"closed","template":"elementor_header_footer","meta":{"footnotes":""},"class_list":["post-9176","page","type-page","status-publish","hentry"],"_links":{"self":[{"href":"https:\/\/nutrient1.com\/sv\/wp-json\/wp\/v2\/pages\/9176","targetHints":{"allow":["GET"]}}],"collection":[{"href":"https:\/\/nutrient1.com\/sv\/wp-json\/wp\/v2\/pages"}],"about":[{"href":"https:\/\/nutrient1.com\/sv\/wp-json\/wp\/v2\/types\/page"}],"author":[{"embeddable":true,"href":"https:\/\/nutrient1.com\/sv\/wp-json\/wp\/v2\/users\/1"}],"replies":[{"embeddable":true,"href":"https:\/\/nutrient1.com\/sv\/wp-json\/wp\/v2\/comments?post=9176"}],"version-history":[{"count":3,"href":"https:\/\/nutrient1.com\/sv\/wp-json\/wp\/v2\/pages\/9176\/revisions"}],"predecessor-version":[{"id":9186,"href":"https:\/\/nutrient1.com\/sv\/wp-json\/wp\/v2\/pages\/9176\/revisions\/9186"}],"wp:attachment":[{"href":"https:\/\/nutrient1.com\/sv\/wp-json\/wp\/v2\/media?parent=9176"}],"curies":[{"name":"wp","href":"https:\/\/api.w.org\/{rel}","templated":true}]}}